{"id":22,"date":"2024-03-08T18:28:31","date_gmt":"2024-03-08T18:28:31","guid":{"rendered":"https:\/\/americanglobal.com\/?page_id=22"},"modified":"2026-05-13T15:49:28","modified_gmt":"2026-05-13T19:49:28","slug":"home","status":"publish","type":"page","link":"https:\/\/americanglobal.com\/fr_fr\/","title":{"rendered":"La maison"},"content":{"rendered":"Expect More From Your Broker\t\t\t\n\t\t\t\t<p>We&#8217;re revolutionizing the role of the broker, demonstrating why it&#8217;s time to start expecting more<\/p>\n\t\t\t<a href=\"https:\/\/americanglobal.com\/fr_fr\/about\/\" title=\"Qui Nous Sommes\" target=\"_self\"   role=\"button\" aria-label=\"Qui Nous Sommes\">\n\t\t\t\t\t\t\tQui Nous Sommes\n\t\t<\/a>\n\t\t<h1>\n\t\t\tConstruction\n\t\t\t\t\t\t\t\t\t\t\tRisk Management\n\t\t<\/h1>\n\t<p>American Global est l'une des plus grande soci\u00e9t\u00e9 priv\u00e9e d'assurance et de caution cabinets de courtage en Am\u00e9rique du Nord se sp\u00e9cialise dans tous les aspects de la construction de la gestion des risques. Depuis plus d'une d\u00e9cennie, les Am\u00e9ricains Global a \u00e9t\u00e9 de soutenir la construction de clients \u00e0 travers le monde, en pla\u00e7ant des affaires \u00e0 travers les \u00c9tats-unis, au Canada, en Europe et en Am\u00e9rique latine, avec Si\u00e8ge social Europ\u00e9en \u00e0 Rome, les bureaux du canada dans les trois provinces, et plus de 10 endroits \u00e0 travers les \u00e9tats-unis.<\/p>\n<p>Nous soutenons les entrepreneurs, les propri\u00e9taires et les d\u00e9veloppeurs \u00e0 travers toute la port\u00e9e de leurs projets, et \u00e0 travers chaque \u00e9tape de leur entreprise, la protection contre les risques et les expositions sp\u00e9cifiques \u00e0 l'industrie de la construction.<\/p>\n<p>&nbsp;<\/p>\n<p>&nbsp;<\/p>\n\t\t\t\t\t\t\t\t\t<img decoding=\"async\" src=\"https:\/\/americanglobal.com\/wp-content\/uploads\/2026\/04\/H1_1.jpg\" alt=\"Deux personnes dans des casques et des gilets de parler.\" itemprop=\"image\" height=\"514\" width=\"436\" srcset=\"https:\/\/americanglobal.com\/wp-content\/uploads\/2026\/04\/H1_1.jpg 436w, https:\/\/americanglobal.com\/wp-content\/uploads\/2026\/04\/H1_1-254x300.jpg 254w\" sizes=\"(max-width: 436px) 100vw, 436px\" title=\"Deux personnes dans des casques et des gilets de parler.\" onerror=\"this.style.display='none'\" class=\"no-lazyload\" \/>\n\t\t\t\t\t\t\t\t\t<img decoding=\"async\" src=\"https:\/\/americanglobal.com\/wp-content\/uploads\/2024\/06\/crane-sunset-RESIZE-crop.jpg\" alt=\"La silhouette du b\u00e2timent en cours de construction au coucher du soleil.\" itemprop=\"image\" height=\"1000\" width=\"848\" srcset=\"https:\/\/americanglobal.com\/wp-content\/uploads\/2024\/06\/crane-sunset-RESIZE-crop.jpg 848w, https:\/\/americanglobal.com\/wp-content\/uploads\/2024\/06\/crane-sunset-RESIZE-crop-254x300.jpg 254w, https:\/\/americanglobal.com\/wp-content\/uploads\/2024\/06\/crane-sunset-RESIZE-crop-768x906.jpg 768w\" sizes=\"(max-width: 848px) 100vw, 848px\" title=\"La silhouette du b\u00e2timent en cours de construction au coucher du soleil.\" onerror=\"this.style.display='none'\" class=\"no-lazyload\" \/>\n\t\t\t\t\t\t\t\t\t<img decoding=\"async\" src=\"https:\/\/americanglobal.com\/wp-content\/uploads\/2024\/06\/ss_cropped-436-x-514.jpg\" alt=\"Industrielle tuyau avec syst\u00e8me de vannes et de pompes.\" itemprop=\"image\" height=\"697\" width=\"590\" srcset=\"https:\/\/americanglobal.com\/wp-content\/uploads\/2024\/06\/ss_cropped-436-x-514.jpg 590w, https:\/\/americanglobal.com\/wp-content\/uploads\/2024\/06\/ss_cropped-436-x-514-254x300.jpg 254w\" sizes=\"(max-width: 590px) 100vw, 590px\" title=\"Industrielle tuyau avec syst\u00e8me de vannes et de pompes.\" onerror=\"this.style.display='none'\" class=\"no-lazyload\" \/>\n\t\t<h2>\n\t\t\tUne Seule \u00c9quipe. Un Foyer. Un Seul But.\n\t\t<\/h2>\n\t\t\t<p>Avec plus de 200 employ\u00e9s, nous collaborons dans chaque r\u00f4le et de la g\u00e9ographie pour offrir une exp\u00e9rience client qui se sent moins transactionnelle et apporte plus de valeur.<\/p>\t\t\n\t\t<h2>\n\t\t\tLes Options et les Possibilit\u00e9s\n\t\t<\/h2>\n\t\t\t<p>Dans un monde en constante \u00e9volution, nous travaillons ensemble afin de conna\u00eetre le march\u00e9, son paysage local, et toutes ses complexit\u00e9s d'offrir \u00e0 nos clients une grande gamme d'options et de possibilit\u00e9s. Partout dans le monde.<\/p>\t\t\n\t\t<h2>\n\t\t\tForward Thinking\n\t\t\t\t\t\t\t\t\t\t\tApproach.\n\t\t<\/h2>\n\t\t\t<p>Depuis le d\u00e9but, nous avons d\u00e9cid\u00e9 de cr\u00e9er une exp\u00e9rience client. Celui qui allait changer la perception du courtier et le mis la barre plus haut. La diff\u00e9rence est dans notre unifi\u00e9e, approche avant-gardiste qui commence avec vous. <strong>D\u00e9couvrir. Collaborer. Livrer. L'Examen Et De L'Affiner.<\/strong><\/p>\t\t\n\t<a href=\"\/fr_fr\/contact\/#overlay\" target=\"_self\" role=\"button\" aria-label=\"CONTACTEZ-NOUS\">\n\t\t\t\t\t\tCONTACTEZ-NOUS\n\t\t\t\t\t<\/a>\n\t\t\t\t\t\t\t\t\t<img decoding=\"async\" src=\"https:\/\/americanglobal.com\/wp-content\/uploads\/2024\/06\/Off-brand-Francois_1254-x-836.jpg\" alt=\"Travailleur de la Construction avec les bras crois\u00e9s en regardant vers le haut.\" itemprop=\"image\" height=\"836\" width=\"1254\" srcset=\"https:\/\/americanglobal.com\/wp-content\/uploads\/2024\/06\/Off-brand-Francois_1254-x-836.jpg 1254w, https:\/\/americanglobal.com\/wp-content\/uploads\/2024\/06\/Off-brand-Francois_1254-x-836-300x200.jpg 300w, https:\/\/americanglobal.com\/wp-content\/uploads\/2024\/06\/Off-brand-Francois_1254-x-836-1024x683.jpg 1024w, https:\/\/americanglobal.com\/wp-content\/uploads\/2024\/06\/Off-brand-Francois_1254-x-836-768x512.jpg 768w\" sizes=\"(max-width: 1254px) 100vw, 1254px\" title=\"Travailleur de la Construction avec les bras crois\u00e9s en regardant vers le haut.\" onerror=\"this.style.display='none'\" class=\"no-lazyload\" \/>","protected":false},"excerpt":{"rendered":"<p>Expect More From Your Broker We&#8217;re revolutionizing the role of the broker, demonstrating why it&#8217;s time to start expecting more Who We Are Construction Risk Management American Global is one&hellip;<\/p>","protected":false},"author":1,"featured_media":750,"parent":0,"menu_order":0,"comment_status":"closed","ping_status":"closed","template":"","meta":{"_coblocks_attr":"","_coblocks_dimensions":"","_coblocks_responsive_height":"","_coblocks_accordion_ie_support":"","footnotes":""},"class_list":["post-22","page","type-page","status-publish","has-post-thumbnail","hentry"],"yoast_head":"<!-- This site is optimized with the Yoast SEO plugin v27.6 - https:\/\/yoast.com\/product\/yoast-seo-wordpress\/ -->\n<title>Construction Risk Management | American Global<\/title>\n<meta name=\"description\" content=\"Discover Construction Risk Management with American Global. Revolutionize your expectations with our forward-thinking approach.\" \/>\n<meta name=\"robots\" content=\"index, follow, max-snippet:-1, max-image-preview:large, max-video-preview:-1\" \/>\n<link rel=\"canonical\" href=\"https:\/\/americanglobal.com\/fr_fr\/\" \/>\n<meta property=\"og:locale\" content=\"fr_FR\" \/>\n<meta property=\"og:type\" content=\"article\" \/>\n<meta property=\"og:title\" content=\"Construction Risk Management | American Global\" \/>\n<meta property=\"og:description\" content=\"Discover Construction Risk Management with American Global. Revolutionize your expectations with our forward-thinking approach.\" \/>\n<meta property=\"og:url\" content=\"https:\/\/americanglobal.com\/fr_fr\/\" \/>\n<meta property=\"og:site_name\" content=\"American Global\" \/>\n<meta property=\"article:modified_time\" content=\"2026-05-13T19:49:28+00:00\" \/>\n<meta property=\"og:image\" content=\"https:\/\/americanglobal.com\/wp-content\/uploads\/2024\/03\/Hero_2-1.jpg\" \/>\n\t<meta property=\"og:image:width\" content=\"1920\" \/>\n\t<meta property=\"og:image:height\" content=\"860\" \/>\n\t<meta property=\"og:image:type\" content=\"image\/jpeg\" \/>\n<meta name=\"twitter:card\" content=\"summary_large_image\" \/>\n<meta name=\"twitter:label1\" content=\"Dur\u00e9e de lecture estim\u00e9e\" \/>\n\t<meta name=\"twitter:data1\" content=\"3 minutes\" \/>\n<script type=\"application\/ld+json\" class=\"yoast-schema-graph\">{\"@context\":\"https:\\\/\\\/schema.org\",\"@graph\":[{\"@type\":\"WebPage\",\"@id\":\"https:\\\/\\\/americanglobal.com\\\/\",\"url\":\"https:\\\/\\\/americanglobal.com\\\/\",\"name\":\"Construction Risk Management | American Global\",\"isPartOf\":{\"@id\":\"https:\\\/\\\/americanglobal.com\\\/#website\"},\"primaryImageOfPage\":{\"@id\":\"https:\\\/\\\/americanglobal.com\\\/#primaryimage\"},\"image\":{\"@id\":\"https:\\\/\\\/americanglobal.com\\\/#primaryimage\"},\"thumbnailUrl\":\"https:\\\/\\\/americanglobal.com\\\/wp-content\\\/uploads\\\/2024\\\/03\\\/Hero_2-1.jpg\",\"datePublished\":\"2024-03-08T18:28:31+00:00\",\"dateModified\":\"2026-05-13T19:49:28+00:00\",\"description\":\"Discover Construction Risk Management with American Global. Revolutionize your expectations with our forward-thinking approach.\",\"breadcrumb\":{\"@id\":\"https:\\\/\\\/americanglobal.com\\\/#breadcrumb\"},\"inLanguage\":\"fr-FR\",\"potentialAction\":[{\"@type\":\"ReadAction\",\"target\":[\"https:\\\/\\\/americanglobal.com\\\/\"]}]},{\"@type\":\"ImageObject\",\"inLanguage\":\"fr-FR\",\"@id\":\"https:\\\/\\\/americanglobal.com\\\/#primaryimage\",\"url\":\"https:\\\/\\\/americanglobal.com\\\/wp-content\\\/uploads\\\/2024\\\/03\\\/Hero_2-1.jpg\",\"contentUrl\":\"https:\\\/\\\/americanglobal.com\\\/wp-content\\\/uploads\\\/2024\\\/03\\\/Hero_2-1.jpg\",\"width\":1920,\"height\":860,\"caption\":\"Two men working on a construction site.\"},{\"@type\":\"BreadcrumbList\",\"@id\":\"https:\\\/\\\/americanglobal.com\\\/#breadcrumb\",\"itemListElement\":[{\"@type\":\"ListItem\",\"position\":1,\"name\":\"Home\",\"item\":\"https:\\\/\\\/americanglobal.com\\\/\"},{\"@type\":\"ListItem\",\"position\":2,\"name\":\"Home\"}]},{\"@type\":\"WebSite\",\"@id\":\"https:\\\/\\\/americanglobal.com\\\/#website\",\"url\":\"https:\\\/\\\/americanglobal.com\\\/\",\"name\":\"American Global\",\"description\":\"\",\"publisher\":{\"@id\":\"https:\\\/\\\/americanglobal.com\\\/#organization\"},\"potentialAction\":[{\"@type\":\"SearchAction\",\"target\":{\"@type\":\"EntryPoint\",\"urlTemplate\":\"https:\\\/\\\/americanglobal.com\\\/?s={search_term_string}\"},\"query-input\":{\"@type\":\"PropertyValueSpecification\",\"valueRequired\":true,\"valueName\":\"search_term_string\"}}],\"inLanguage\":\"fr-FR\"},{\"@type\":\"Organization\",\"@id\":\"https:\\\/\\\/americanglobal.com\\\/#organization\",\"name\":\"American Global\",\"url\":\"https:\\\/\\\/americanglobal.com\\\/\",\"logo\":{\"@type\":\"ImageObject\",\"inLanguage\":\"fr-FR\",\"@id\":\"https:\\\/\\\/americanglobal.com\\\/#\\\/schema\\\/logo\\\/image\\\/\",\"url\":\"https:\\\/\\\/americanglobal.com\\\/wp-content\\\/uploads\\\/2024\\\/02\\\/Logo.png\",\"contentUrl\":\"https:\\\/\\\/americanglobal.com\\\/wp-content\\\/uploads\\\/2024\\\/02\\\/Logo.png\",\"width\":304,\"height\":158,\"caption\":\"American Global\"},\"image\":{\"@id\":\"https:\\\/\\\/americanglobal.com\\\/#\\\/schema\\\/logo\\\/image\\\/\"}}]}<\/script>\n<!-- \/ Yoast SEO plugin. -->","yoast_head_json":{"title":"La Construction De La Gestion Des Risques Et De L'American Mondiale","description":"D\u00e9couvrez la Construction de la Gestion des Risques avec l'Am\u00e9ricain Global. R\u00e9volutionner vos attentes avec notre approche avant-gardiste.","robots":{"index":"index","follow":"follow","max-snippet":"max-snippet:-1","max-image-preview":"max-image-preview:large","max-video-preview":"max-video-preview:-1"},"canonical":"https:\/\/americanglobal.com\/fr_fr\/","og_locale":"fr_FR","og_type":"article","og_title":"Construction Risk Management | American Global","og_description":"Discover Construction Risk Management with American Global. Revolutionize your expectations with our forward-thinking approach.","og_url":"https:\/\/americanglobal.com\/fr_fr\/","og_site_name":"American Global","article_modified_time":"2026-05-13T19:49:28+00:00","og_image":[{"width":1920,"height":860,"url":"https:\/\/americanglobal.com\/wp-content\/uploads\/2024\/03\/Hero_2-1.jpg","type":"image\/jpeg"}],"twitter_card":"summary_large_image","twitter_misc":{"Dur\u00e9e de lecture estim\u00e9e":"3 minutes"},"schema":{"@context":"https:\/\/schema.org","@graph":[{"@type":"WebPage","@id":"https:\/\/americanglobal.com\/","url":"https:\/\/americanglobal.com\/","name":"La Construction De La Gestion Des Risques Et De L'American Mondiale","isPartOf":{"@id":"https:\/\/americanglobal.com\/#website"},"primaryImageOfPage":{"@id":"https:\/\/americanglobal.com\/#primaryimage"},"image":{"@id":"https:\/\/americanglobal.com\/#primaryimage"},"thumbnailUrl":"https:\/\/americanglobal.com\/wp-content\/uploads\/2024\/03\/Hero_2-1.jpg","datePublished":"2024-03-08T18:28:31+00:00","dateModified":"2026-05-13T19:49:28+00:00","description":"D\u00e9couvrez la Construction de la Gestion des Risques avec l'Am\u00e9ricain Global. R\u00e9volutionner vos attentes avec notre approche avant-gardiste.","breadcrumb":{"@id":"https:\/\/americanglobal.com\/#breadcrumb"},"inLanguage":"fr-FR","potentialAction":[{"@type":"ReadAction","target":["https:\/\/americanglobal.com\/"]}]},{"@type":"ImageObject","inLanguage":"fr-FR","@id":"https:\/\/americanglobal.com\/#primaryimage","url":"https:\/\/americanglobal.com\/wp-content\/uploads\/2024\/03\/Hero_2-1.jpg","contentUrl":"https:\/\/americanglobal.com\/wp-content\/uploads\/2024\/03\/Hero_2-1.jpg","width":1920,"height":860,"caption":"Two men working on a construction site."},{"@type":"BreadcrumbList","@id":"https:\/\/americanglobal.com\/#breadcrumb","itemListElement":[{"@type":"ListItem","position":1,"name":"Home","item":"https:\/\/americanglobal.com\/"},{"@type":"ListItem","position":2,"name":"Home"}]},{"@type":"WebSite","@id":"https:\/\/americanglobal.com\/#website","url":"https:\/\/americanglobal.com\/","name":"Am\u00e9ricain Global","description":"","publisher":{"@id":"https:\/\/americanglobal.com\/#organization"},"potentialAction":[{"@type":"SearchAction","target":{"@type":"EntryPoint","urlTemplate":"https:\/\/americanglobal.com\/?s={search_term_string}"},"query-input":{"@type":"PropertyValueSpecification","valueRequired":true,"valueName":"search_term_string"}}],"inLanguage":"fr-FR"},{"@type":"Organization","@id":"https:\/\/americanglobal.com\/#organization","name":"Am\u00e9ricain Global","url":"https:\/\/americanglobal.com\/","logo":{"@type":"ImageObject","inLanguage":"fr-FR","@id":"https:\/\/americanglobal.com\/#\/schema\/logo\/image\/","url":"https:\/\/americanglobal.com\/wp-content\/uploads\/2024\/02\/Logo.png","contentUrl":"https:\/\/americanglobal.com\/wp-content\/uploads\/2024\/02\/Logo.png","width":304,"height":158,"caption":"American Global"},"image":{"@id":"https:\/\/americanglobal.com\/#\/schema\/logo\/image\/"}}]}},"_links":{"self":[{"href":"https:\/\/americanglobal.com\/fr_fr\/wp-json\/wp\/v2\/pages\/22","targetHints":{"allow":["GET"]}}],"collection":[{"href":"https:\/\/americanglobal.com\/fr_fr\/wp-json\/wp\/v2\/pages"}],"about":[{"href":"https:\/\/americanglobal.com\/fr_fr\/wp-json\/wp\/v2\/types\/page"}],"author":[{"embeddable":true,"href":"https:\/\/americanglobal.com\/fr_fr\/wp-json\/wp\/v2\/users\/1"}],"replies":[{"embeddable":true,"href":"https:\/\/americanglobal.com\/fr_fr\/wp-json\/wp\/v2\/comments?post=22"}],"version-history":[{"count":5,"href":"https:\/\/americanglobal.com\/fr_fr\/wp-json\/wp\/v2\/pages\/22\/revisions"}],"predecessor-version":[{"id":3749,"href":"https:\/\/americanglobal.com\/fr_fr\/wp-json\/wp\/v2\/pages\/22\/revisions\/3749"}],"wp:featuredmedia":[{"embeddable":true,"href":"https:\/\/americanglobal.com\/fr_fr\/wp-json\/wp\/v2\/media\/750"}],"wp:attachment":[{"href":"https:\/\/americanglobal.com\/fr_fr\/wp-json\/wp\/v2\/media?parent=22"}],"curies":[{"name":"wp","href":"https:\/\/api.w.org\/{rel}","templated":true}]}}