{"id":24,"date":"2024-03-08T18:28:31","date_gmt":"2024-03-08T18:28:31","guid":{"rendered":"https:\/\/americanglobal.com\/?page_id=24"},"modified":"2026-04-30T12:02:21","modified_gmt":"2026-04-30T16:02:21","slug":"about","status":"publish","type":"page","link":"https:\/\/americanglobal.com\/fr_fr\/about\/","title":{"rendered":"Sur"},"content":{"rendered":"<h2>\n\t\t\tNotre Mission\n\t\t<\/h2>\n\t\t\t<p>Leveraging our team&#8217;s extensive experience and diverse business perspective, we seek to advance the industry and revolutionize the role of broker. By serving as a trusted partner and advisor, we aspire to provide clarity and comprehensive client solutions that deliver meaningful results.<\/p>\t\t\n\t\t<h2>\n\t\t\tNos Valeurs Fondamentales\n\t\t<\/h2>\n\t\t\t<p>Nos valeurs fondamentales dicter la fa\u00e7on dont nous travaillons ensemble, nous guide dans nos d\u00e9cisions de carburant et de la culture qui est devenu essentiel pour notre succ\u00e8s. Comme nous continuons \u00e0 nous d\u00e9velopper, nous recherchons des personnes qui incarnent, dans notre culture unique et d'aider \u00e0 fa\u00e7onner son avenir.<\/p>\t\t\n\t\t<h2>\n\t\t\tCOLLABORATION\n\t\t<\/h2>\n\t\t\t<p>Nous favorisons un milieu de travail inclusif, o\u00f9 les gens se sentent appr\u00e9ci\u00e9s, respect\u00e9s et habilit\u00e9e, la cr\u00e9ation d'une v\u00e9ritable \u00e9quipe de mentalit\u00e9 o\u00f9 ses collaborateurs de s'\u00e9panouir. Une seule \u00e9quipe. Un foyer. Un seul but. Travailler ensemble, \u00e0 travers tous les d\u00e9partements et de r\u00e9gions, nous mettons en commun nos talents et les ressources pour fournir les meilleurs r\u00e9sultats pour chaque client.<\/p>\t\t\n\t\t<h2>\n\t\t\tINNOVANTES\n\t\t<\/h2>\n\t\t\t<p>We never settle for &#8216;the norm&#8217;. Our team embraces change and welcomes a challenge, continually seeking to develop new ideas, identify unique opportunities and offer groundbreaking solutions that bring our clients added value.<\/p>\t\t\n\t\t<h2>\n\t\t\tCR\u00c9DIBLE\n\t\t<\/h2>\n\t\t\t<p>Notre engagement ind\u00e9fectible \u00e0 agir avec int\u00e9grit\u00e9, de transparence et d'honn\u00eatet\u00e9, nous a valu une excellente r\u00e9putation dans l'industrie et le profond respect des clients, des coll\u00e8gues et des partenaires sur le march\u00e9, ce qui est essentiel pour notre succ\u00e8s mutuel.<\/p>\t\t\n\t\t<h2>\n\t\t\tPILOT\u00c9 par\n\t\t<\/h2>\n\t\t\t<p>En investissant dans les gens avec une passion pour l'industrie et un d\u00e9sir d'excellence, notre \u00e9quipe cherche la croissance personnelle et professionnelle, afin d'\u00e9largir leurs connaissances et d'\u00e9largir leur point de vue, qui de mieux servir les int\u00e9r\u00eats de nos clients. Cette m\u00eame passion qui nous pousse \u00e0 soutenir les communaut\u00e9s que nous servons et aider ceux dans le besoin.<\/p>\t\t\n\t\t<h1>\n\t\t\tAn Innovative\n\t\t\t\t\t\t\t\t\t\t\tBrokerage Experience\n\t\t<\/h1>\n\t<p>D\u00e8s le d\u00e9but, notre mission a \u00e9t\u00e9 de concevoir un client unique voyage. Nous avons pour ambition de r\u00e9volutionner la perception des services de courtage et d'am\u00e9liorer les standards. Notre approche distinctive \u00e0 l'Am\u00e9ricain Global est enracin\u00e9e dans l'unit\u00e9 et avant-gardistes, tous centr\u00e9s autour de vous.<\/p>\n<figure itemscope itemtype=\"https:\/\/schema.org\/ImageObject\">\n\t\t\t\t<img decoding=\"async\" src=\"https:\/\/americanglobal.com\/wp-content\/uploads\/2024\/04\/rsw_1440h_1440-21.webp\" alt=\"Une personne est en contact avec la parole de l&#039;innovation sur un bouton.\" height=\"748\" width=\"1440\" title=\"Une personne est en contact avec la parole de l&#039;innovation sur un bouton.\" onerror=\"this.style.display='none'\" loading=\"lazy\" class=\"no-lazyload\" \/>\n\t<\/figure>\n\t\t<h2>\n\t\t\tDiscover\n\t\t\t\t\t\t\t\t\t\t\tWe begin by listening\n\t\t<\/h2>\n\t\t\t<p>We find out where your company is now, define where you want to go, and help you create the steps needed to bridge the gap.By taking the time to fully understand your operations and specific needs, we&#8217;re able to design an optimal program that can evolve with your company.<\/p>\t\t\n\t\t<h2>\n\t\t\tCollaborate\n\t\t\t\t\t\t\t\t\t\t\tTap into new resources\n\t\t<\/h2>\n\t\t\t<p>Our global network of people is extensive. Many of them joined our team after working as engineers, underwriters, accountants, construction attorneys, claim specialists, and other areas within the industry.Together, our expertise allows us to overlay statically driven data with actual &#8220;boots on the ground&#8221; experience.<\/p>\t\t\n\t\t<h2>\n\t\t\tDeliver\n\t\t\t\t\t\t\t\t\t\t\tFrom solutions to opportunities\n\t\t<\/h2>\n\t\t\t<p>En tant que construction-seul courtier, nous mettons nos ressources afin de d\u00e9couvrir les meilleures solutions et des opportunit\u00e9s telles que les sources de capitaux, l'industrie intel, de nouvelles opportunit\u00e9s de projet, et les partenaires de la coentreprise.<\/p>\t\t\n\t\t<h2>\n\t\t\tReview and Refine\n\t\t\t\t\t\t\t\t\t\t\tYour ongoing advocate\n\t\t<\/h2>\n\t\t\t<p>Our partnership is a long-term journey in which we&#8217;re never truly finished supporting your goals.By working smart from the onset, we help you avoid obstacles, confront challenges, and navigate an ever-changing market.<\/p>\t\t\n\t\t<h2>\n\t\t\tOur Founder&#8217;s Message\n\t\t<\/h2>\n\t\t\t<p>&#8220;We never settle for someone telling us, &#8216;It&#8217;s always been done this way.'&#8221;<br \/>~ Michael Marino, CEO &amp; Fondateur<\/p>\t\t\n\t\t<h2>\n\t\t\tL'Autonomisation De L'Excellence\n\t\t<\/h2>\n\t<a href=\"\/fr_fr\/executive-team\/\" target=\"_self\"  aria-label=\"Go to \/executive-team\/\"><\/a>\n\t\t\t\t<img decoding=\"async\" src=\"https:\/\/americanglobal.com\/wp-content\/uploads\/2024\/06\/AS460424592-resize-crop.jpg\" alt=\"Deux hommes dans les casques de discuter d&#039;une vue sur la ville.\" title=\"Deux hommes dans les casques de discuter d&#039;une vue sur la ville.\" itemprop=\"image\" class=\"no-lazyload\" \/>\n\t\t<h3>Leadership<\/h3>\t\t\t\n\t\t\t\t<p>Dans une industrie souvent r\u00e9sistantes au changement, nous n'avons pas seulement l'embrasser, mais aussi le fer de lance d'elle. Se familiariser avec les pionniers dirigeants nous propulsant \u00e0 d\u00e9fier les normes.<\/p>\n\t<a href=\"\/fr_fr\/products-services\/\" target=\"_self\"  aria-label=\"Go to \/products-services\/\"><\/a>\n\t\t\t\t<img decoding=\"async\" src=\"https:\/\/americanglobal.com\/wp-content\/uploads\/2024\/06\/solutions-resize-556.jpg\" alt=\"Les travailleurs de la Construction de l&#039;examen des plans sur le chantier.\" title=\"Les travailleurs de la Construction de l&#039;examen des plans sur le chantier.\" itemprop=\"image\" class=\"no-lazyload\" \/>\n\t\t<h3>Solutions<\/h3>\t\t\t\n\t\t\t\t<p>Face \u00e0 la fluctuation des march\u00e9s et exigeant cahier des charges, nous vous proposons des solutions \u00e9conomiques adapt\u00e9es \u00e0 chaque \u00e9tape de votre entreprise.<\/p>\n\t<a href=\"\/fr_fr\/culture-careers\/\" target=\"_self\"  aria-label=\"Go to \/culture-careers\/\"><\/a>\n\t\t\t\t<img decoding=\"async\" src=\"https:\/\/americanglobal.com\/wp-content\/uploads\/2024\/06\/556.jpg\" alt=\"Affaires, r\u00e9union d&#039;\u00e9quipe autour d&#039;une table.\" title=\"Affaires, r\u00e9union d&#039;\u00e9quipe autour d&#039;une table.\" itemprop=\"image\" class=\"no-lazyload\" \/>\n\t\t<h3>De la Culture et de la Carri\u00e8re<\/h3>\t\t\t\n\t\t\t\t<p>Discover American Global, a leading force in construction brokerage worldwide. Embrace the future with us as we drive innovation and connectivity in the industry. Unleash your potential and shape what lies ahead. Together, let&#8217;s propel the future of construction brokerage forward.<\/p>","protected":false},"excerpt":{"rendered":"<p>Our Mission Leveraging our team&#8217;s extensive experience and diverse business perspective, we seek to advance the industry and revolutionize the role of broker. By serving as a trusted partner and&hellip;<\/p>","protected":false},"author":1,"featured_media":749,"parent":0,"menu_order":0,"comment_status":"closed","ping_status":"closed","template":"","meta":{"_coblocks_attr":"","_coblocks_dimensions":"","_coblocks_responsive_height":"","_coblocks_accordion_ie_support":"","footnotes":""},"class_list":["post-24","page","type-page","status-publish","has-post-thumbnail","hentry"],"yoast_head":"<!-- This site is optimized with the Yoast SEO plugin v27.6 - https:\/\/yoast.com\/product\/yoast-seo-wordpress\/ -->\n<title>About | Innovative Brokerage Experience by American Global<\/title>\n<meta name=\"description\" content=\"Discover innovative brokerage with American Global. Experience a unique client journey in brokerage services with us.\" \/>\n<meta name=\"robots\" content=\"index, follow, max-snippet:-1, max-image-preview:large, max-video-preview:-1\" \/>\n<link rel=\"canonical\" href=\"https:\/\/americanglobal.com\/fr_fr\/about\/\" \/>\n<meta property=\"og:locale\" content=\"fr_FR\" \/>\n<meta property=\"og:type\" content=\"article\" \/>\n<meta property=\"og:title\" content=\"About | Innovative Brokerage Experience by American Global\" \/>\n<meta property=\"og:description\" content=\"Discover innovative brokerage with American Global. Experience a unique client journey in brokerage services with us.\" \/>\n<meta property=\"og:url\" content=\"https:\/\/americanglobal.com\/fr_fr\/about\/\" \/>\n<meta property=\"og:site_name\" content=\"American Global\" \/>\n<meta property=\"article:modified_time\" content=\"2026-04-30T16:02:21+00:00\" \/>\n<meta property=\"og:image\" content=\"https:\/\/americanglobal.com\/wp-content\/uploads\/2024\/03\/Hero_1.jpg\" \/>\n\t<meta property=\"og:image:width\" content=\"1920\" \/>\n\t<meta property=\"og:image:height\" content=\"859\" \/>\n\t<meta property=\"og:image:type\" content=\"image\/jpeg\" \/>\n<meta name=\"twitter:card\" content=\"summary_large_image\" \/>\n<meta name=\"twitter:label1\" content=\"Dur\u00e9e de lecture estim\u00e9e\" \/>\n\t<meta name=\"twitter:data1\" content=\"4 minutes\" \/>\n<script type=\"application\/ld+json\" class=\"yoast-schema-graph\">{\"@context\":\"https:\\\/\\\/schema.org\",\"@graph\":[{\"@type\":\"WebPage\",\"@id\":\"https:\\\/\\\/americanglobal.com\\\/about\\\/\",\"url\":\"https:\\\/\\\/americanglobal.com\\\/about\\\/\",\"name\":\"About | Innovative Brokerage Experience by American Global\",\"isPartOf\":{\"@id\":\"https:\\\/\\\/americanglobal.com\\\/#website\"},\"primaryImageOfPage\":{\"@id\":\"https:\\\/\\\/americanglobal.com\\\/about\\\/#primaryimage\"},\"image\":{\"@id\":\"https:\\\/\\\/americanglobal.com\\\/about\\\/#primaryimage\"},\"thumbnailUrl\":\"https:\\\/\\\/americanglobal.com\\\/wp-content\\\/uploads\\\/2024\\\/03\\\/Hero_1.jpg\",\"datePublished\":\"2024-03-08T18:28:31+00:00\",\"dateModified\":\"2026-04-30T16:02:21+00:00\",\"description\":\"Discover innovative brokerage with American Global. Experience a unique client journey in brokerage services with us.\",\"breadcrumb\":{\"@id\":\"https:\\\/\\\/americanglobal.com\\\/about\\\/#breadcrumb\"},\"inLanguage\":\"fr-FR\",\"potentialAction\":[{\"@type\":\"ReadAction\",\"target\":[\"https:\\\/\\\/americanglobal.com\\\/about\\\/\"]}]},{\"@type\":\"ImageObject\",\"inLanguage\":\"fr-FR\",\"@id\":\"https:\\\/\\\/americanglobal.com\\\/about\\\/#primaryimage\",\"url\":\"https:\\\/\\\/americanglobal.com\\\/wp-content\\\/uploads\\\/2024\\\/03\\\/Hero_1.jpg\",\"contentUrl\":\"https:\\\/\\\/americanglobal.com\\\/wp-content\\\/uploads\\\/2024\\\/03\\\/Hero_1.jpg\",\"width\":1920,\"height\":859,\"caption\":\"A building under construction with scaffolding around it.\"},{\"@type\":\"BreadcrumbList\",\"@id\":\"https:\\\/\\\/americanglobal.com\\\/about\\\/#breadcrumb\",\"itemListElement\":[{\"@type\":\"ListItem\",\"position\":1,\"name\":\"Home\",\"item\":\"https:\\\/\\\/americanglobal.com\\\/\"},{\"@type\":\"ListItem\",\"position\":2,\"name\":\"About\"}]},{\"@type\":\"WebSite\",\"@id\":\"https:\\\/\\\/americanglobal.com\\\/#website\",\"url\":\"https:\\\/\\\/americanglobal.com\\\/\",\"name\":\"American Global\",\"description\":\"\",\"publisher\":{\"@id\":\"https:\\\/\\\/americanglobal.com\\\/#organization\"},\"potentialAction\":[{\"@type\":\"SearchAction\",\"target\":{\"@type\":\"EntryPoint\",\"urlTemplate\":\"https:\\\/\\\/americanglobal.com\\\/?s={search_term_string}\"},\"query-input\":{\"@type\":\"PropertyValueSpecification\",\"valueRequired\":true,\"valueName\":\"search_term_string\"}}],\"inLanguage\":\"fr-FR\"},{\"@type\":\"Organization\",\"@id\":\"https:\\\/\\\/americanglobal.com\\\/#organization\",\"name\":\"American Global\",\"url\":\"https:\\\/\\\/americanglobal.com\\\/\",\"logo\":{\"@type\":\"ImageObject\",\"inLanguage\":\"fr-FR\",\"@id\":\"https:\\\/\\\/americanglobal.com\\\/#\\\/schema\\\/logo\\\/image\\\/\",\"url\":\"https:\\\/\\\/americanglobal.com\\\/wp-content\\\/uploads\\\/2024\\\/02\\\/Logo.png\",\"contentUrl\":\"https:\\\/\\\/americanglobal.com\\\/wp-content\\\/uploads\\\/2024\\\/02\\\/Logo.png\",\"width\":304,\"height\":158,\"caption\":\"American Global\"},\"image\":{\"@id\":\"https:\\\/\\\/americanglobal.com\\\/#\\\/schema\\\/logo\\\/image\\\/\"}}]}<\/script>\n<!-- \/ Yoast SEO plugin. -->","yoast_head_json":{"title":"\u00c0 propos de | Innovant de Courtage par l'Exp\u00e9rience Am\u00e9ricaine au niveau Mondial","description":"D\u00e9couvrez innovantes de courtage Am\u00e9ricaine Globale. L'exp\u00e9rience unique du client de voyage dans des services de courtage en nous.","robots":{"index":"index","follow":"follow","max-snippet":"max-snippet:-1","max-image-preview":"max-image-preview:large","max-video-preview":"max-video-preview:-1"},"canonical":"https:\/\/americanglobal.com\/fr_fr\/about\/","og_locale":"fr_FR","og_type":"article","og_title":"About | Innovative Brokerage Experience by American Global","og_description":"Discover innovative brokerage with American Global. Experience a unique client journey in brokerage services with us.","og_url":"https:\/\/americanglobal.com\/fr_fr\/about\/","og_site_name":"American Global","article_modified_time":"2026-04-30T16:02:21+00:00","og_image":[{"width":1920,"height":859,"url":"https:\/\/americanglobal.com\/wp-content\/uploads\/2024\/03\/Hero_1.jpg","type":"image\/jpeg"}],"twitter_card":"summary_large_image","twitter_misc":{"Dur\u00e9e de lecture estim\u00e9e":"4 minutes"},"schema":{"@context":"https:\/\/schema.org","@graph":[{"@type":"WebPage","@id":"https:\/\/americanglobal.com\/about\/","url":"https:\/\/americanglobal.com\/about\/","name":"\u00c0 propos de | Innovant de Courtage par l'Exp\u00e9rience Am\u00e9ricaine au niveau Mondial","isPartOf":{"@id":"https:\/\/americanglobal.com\/#website"},"primaryImageOfPage":{"@id":"https:\/\/americanglobal.com\/about\/#primaryimage"},"image":{"@id":"https:\/\/americanglobal.com\/about\/#primaryimage"},"thumbnailUrl":"https:\/\/americanglobal.com\/wp-content\/uploads\/2024\/03\/Hero_1.jpg","datePublished":"2024-03-08T18:28:31+00:00","dateModified":"2026-04-30T16:02:21+00:00","description":"D\u00e9couvrez innovantes de courtage Am\u00e9ricaine Globale. L'exp\u00e9rience unique du client de voyage dans des services de courtage en nous.","breadcrumb":{"@id":"https:\/\/americanglobal.com\/about\/#breadcrumb"},"inLanguage":"fr-FR","potentialAction":[{"@type":"ReadAction","target":["https:\/\/americanglobal.com\/about\/"]}]},{"@type":"ImageObject","inLanguage":"fr-FR","@id":"https:\/\/americanglobal.com\/about\/#primaryimage","url":"https:\/\/americanglobal.com\/wp-content\/uploads\/2024\/03\/Hero_1.jpg","contentUrl":"https:\/\/americanglobal.com\/wp-content\/uploads\/2024\/03\/Hero_1.jpg","width":1920,"height":859,"caption":"A building under construction with scaffolding around it."},{"@type":"BreadcrumbList","@id":"https:\/\/americanglobal.com\/about\/#breadcrumb","itemListElement":[{"@type":"ListItem","position":1,"name":"Home","item":"https:\/\/americanglobal.com\/"},{"@type":"ListItem","position":2,"name":"About"}]},{"@type":"WebSite","@id":"https:\/\/americanglobal.com\/#website","url":"https:\/\/americanglobal.com\/","name":"Am\u00e9ricain Global","description":"","publisher":{"@id":"https:\/\/americanglobal.com\/#organization"},"potentialAction":[{"@type":"SearchAction","target":{"@type":"EntryPoint","urlTemplate":"https:\/\/americanglobal.com\/?s={search_term_string}"},"query-input":{"@type":"PropertyValueSpecification","valueRequired":true,"valueName":"search_term_string"}}],"inLanguage":"fr-FR"},{"@type":"Organization","@id":"https:\/\/americanglobal.com\/#organization","name":"Am\u00e9ricain Global","url":"https:\/\/americanglobal.com\/","logo":{"@type":"ImageObject","inLanguage":"fr-FR","@id":"https:\/\/americanglobal.com\/#\/schema\/logo\/image\/","url":"https:\/\/americanglobal.com\/wp-content\/uploads\/2024\/02\/Logo.png","contentUrl":"https:\/\/americanglobal.com\/wp-content\/uploads\/2024\/02\/Logo.png","width":304,"height":158,"caption":"American Global"},"image":{"@id":"https:\/\/americanglobal.com\/#\/schema\/logo\/image\/"}}]}},"_links":{"self":[{"href":"https:\/\/americanglobal.com\/fr_fr\/wp-json\/wp\/v2\/pages\/24","targetHints":{"allow":["GET"]}}],"collection":[{"href":"https:\/\/americanglobal.com\/fr_fr\/wp-json\/wp\/v2\/pages"}],"about":[{"href":"https:\/\/americanglobal.com\/fr_fr\/wp-json\/wp\/v2\/types\/page"}],"author":[{"embeddable":true,"href":"https:\/\/americanglobal.com\/fr_fr\/wp-json\/wp\/v2\/users\/1"}],"replies":[{"embeddable":true,"href":"https:\/\/americanglobal.com\/fr_fr\/wp-json\/wp\/v2\/comments?post=24"}],"version-history":[{"count":5,"href":"https:\/\/americanglobal.com\/fr_fr\/wp-json\/wp\/v2\/pages\/24\/revisions"}],"predecessor-version":[{"id":3686,"href":"https:\/\/americanglobal.com\/fr_fr\/wp-json\/wp\/v2\/pages\/24\/revisions\/3686"}],"wp:featuredmedia":[{"embeddable":true,"href":"https:\/\/americanglobal.com\/fr_fr\/wp-json\/wp\/v2\/media\/749"}],"wp:attachment":[{"href":"https:\/\/americanglobal.com\/fr_fr\/wp-json\/wp\/v2\/media?parent=24"}],"curies":[{"name":"wp","href":"https:\/\/api.w.org\/{rel}","templated":true}]}}